{"id":19,"date":"2014-02-28T06:55:51","date_gmt":"2014-02-28T06:55:51","guid":{"rendered":"http:\/\/192.232.247.118\/imithemes.com\/dev\/native-church\/?page_id=19"},"modified":"2021-04-30T09:35:06","modified_gmt":"2021-04-30T07:35:06","slug":"sermons","status":"publish","type":"page","link":"https:\/\/jmknudsensvej.dk\/?page_id=19","title":{"rendered":"Dokumenter"},"content":{"rendered":"\n<p><a href=\"https:\/\/jmknudsensvej.dk\/?page_id=1636\">Vedt\u00e6gter<\/a><\/p>\n\n\n\n<p><a href=\"https:\/\/jmknudsensvej.dk\/?page_id=1638\">Generalforsamling<\/a><\/p>\n\n\n\n<p><a href=\"https:\/\/jmknudsensvej.dk\/?page_id=1640\">Bestyrelsesm\u00f8der<\/a><\/p>\n\n\n\n<p><a href=\"https:\/\/jmknudsensvej.dk\/?page_id=1642\">\u00c5rsregnskab<\/a><\/p>\n\n\n\n<p><a href=\"https:\/\/jmknudsensvej.dk\/?page_id=1631\">Budget<\/a><\/p>\n\n\n\n<p><a href=\"https:\/\/jmknudsensvej.dk\/?page_id=1644\">Forsikringer<\/a><\/p>\n\n\n\n<p><a href=\"https:\/\/jmknudsensvej.dk\/?page_id=1646\">Andre dokumenter<\/a><\/p>\n","protected":false},"excerpt":{"rendered":"<p>Vedt\u00e6gter Generalforsamling Bestyrelsesm\u00f8der \u00c5rsregnskab Budget Forsikringer Andre dokumenter<\/p>\n","protected":false},"author":4,"featured_media":675,"parent":0,"menu_order":0,"comment_status":"closed","ping_status":"open","template":"template-sermons.php","meta":{"footnotes":""},"class_list":["post-19","page","type-page","status-publish","has-post-thumbnail","hentry"],"_links":{"self":[{"href":"https:\/\/jmknudsensvej.dk\/index.php?rest_route=\/wp\/v2\/pages\/19","targetHints":{"allow":["GET"]}}],"collection":[{"href":"https:\/\/jmknudsensvej.dk\/index.php?rest_route=\/wp\/v2\/pages"}],"about":[{"href":"https:\/\/jmknudsensvej.dk\/index.php?rest_route=\/wp\/v2\/types\/page"}],"author":[{"embeddable":true,"href":"https:\/\/jmknudsensvej.dk\/index.php?rest_route=\/wp\/v2\/users\/4"}],"replies":[{"embeddable":true,"href":"https:\/\/jmknudsensvej.dk\/index.php?rest_route=%2Fwp%2Fv2%2Fcomments&post=19"}],"version-history":[{"count":3,"href":"https:\/\/jmknudsensvej.dk\/index.php?rest_route=\/wp\/v2\/pages\/19\/revisions"}],"predecessor-version":[{"id":1668,"href":"https:\/\/jmknudsensvej.dk\/index.php?rest_route=\/wp\/v2\/pages\/19\/revisions\/1668"}],"wp:featuredmedia":[{"embeddable":true,"href":"https:\/\/jmknudsensvej.dk\/index.php?rest_route=\/wp\/v2\/media\/675"}],"wp:attachment":[{"href":"https:\/\/jmknudsensvej.dk\/index.php?rest_route=%2Fwp%2Fv2%2Fmedia&parent=19"}],"curies":[{"name":"wp","href":"https:\/\/api.w.org\/{rel}","templated":true}]}}